{"id":5412,"date":"2024-07-30T10:38:29","date_gmt":"2024-07-30T07:38:29","guid":{"rendered":"https:\/\/www.adelante.ee\/?page_id=5412"},"modified":"2024-07-30T10:51:42","modified_gmt":"2024-07-30T07:51:42","slug":"paldiski-uhisgumnaasium-estonia","status":"publish","type":"page","link":"https:\/\/www.adelante.ee\/en\/erasmus\/project-partners\/paldiski-uhisgumnaasium-estonia\/","title":{"rendered":"Paldiski \u00dchisg\u00fcmnaasium (Estonia)"},"content":{"rendered":"<h1 class=\"wp-block-heading has-vivid-red-color has-text-color has-link-color has-large-font-size wp-elements-c60c744f8968abeabf3863a26bcd5095\"><strong>Paldiski \u00dchisg\u00fcmnaasium (Estonia)<\/strong><\/h1><div class=\"wp-block-columns is-layout-flex wp-container-core-columns-is-layout-28f84493 wp-block-columns-is-layout-flex\"><div class=\"wp-block-column is-layout-flow wp-block-column-is-layout-flow\" style=\"flex-basis:66.66%\"><p>Paldiski \u00dchisg\u00fcmnaasium is a municipal school in L\u00e4\u00e4ne-Harju region, Estonia. The school is<br>located in Paldiski, which was a closed military town in the Soviet Union inhabited mainly by<br>Soviet soldiers and their family members who mainly spoke Russian. Paldiski \u00dchisg\u00fcmnaasium<br>offers both compulsory basic education from grades 1-9 and general secondary education from<br>grades 10-12. Paldiski \u00dchisg\u00fcmnaasium is focused around the idea that all children have the<br>right to receive education at a nearby school and the principles of inclusive schooling are<br>implemented. This means that all children in our region have access to basic education,<br>regardless of their special educational needs or cultural background.<br>We have the experience of teaching multicultural classrooms and integrating children from a<br>different cultural background since the opening of the first Estonian basic education school in<br>Paldiski in 1994, where many families of non-Estonian descent decided to put their children into<br>an Estonian school so they could acquire the national language. In a way, Paldiski<br>\u00dchisg\u00fcmnaasium has always been an institution where children from different cultural<br>backgrounds study together regardless of the difference. Throughout the years we have<br>developed different strategies to support our students\u2019 Estonian language development while<br>attending classes with native language speakers and also receiving extra language classes<br>provided by our K2 teachers, if necessary. Around 40% of students are from non-Estonian<br>descent.<br>The total number of students is 230, of which 27 are Ukrainian war refugees and 2 are migrants,<br>who receive personalized learning. Our staff consists of around 45 members.<\/p>\n\n<p>Website: <a href=\"https:\/\/paldgym.edu.ee\/\">https:\/\/paldgym.edu.ee\/<\/a><\/p><\/div>\n\n<div class=\"wp-block-column is-layout-flow wp-block-column-is-layout-flow\" style=\"flex-basis:33.33%\"><p><em><img loading=\"lazy\" decoding=\"async\" src=\"https:\/\/lh7-us.googleusercontent.com\/docsz\/AD_4nXfMNzLl9YcA0tch9NazNJFxdQFvnIsJaa0Bw_MOa0DriU2ygSO0lazDivzyEkjQ-IKda4-tIaE6LtAZY4zV2qPQOABvRltawUSoWxosAWEj7pn8WZaPcT6PaV00gPuyBzcHmJknW3X9BjqKRIJ03vlJhIxwg5dRxcf24ovhsuK0nowysj_9zb0?key=TRbeF_zCzXCPd5waUv3wLg\" width=\"576\" height=\"432\"><\/em><\/p><\/div><\/div>","protected":false},"excerpt":{"rendered":"<p>Paldiski \u00dchisg\u00fcmnaasium (Estonia) Paldiski \u00dchisg\u00fcmnaasium is a municipal school in L\u00e4\u00e4ne-Harju region, Estonia. The school islocated in Paldiski, which was a closed military town in the Soviet Union inhabited mainly bySoviet soldiers and their family members who mainly spoke Russian. Paldiski \u00dchisg\u00fcmnaasiumoffers both compulsory basic education from grades 1-9 and general secondary education fromgrades 10-12. [&hellip;]<\/p>\n","protected":false},"author":4,"featured_media":0,"parent":5326,"menu_order":0,"comment_status":"closed","ping_status":"closed","template":"","meta":{"_monsterinsights_skip_tracking":false,"_monsterinsights_sitenote_active":false,"_monsterinsights_sitenote_note":"","_monsterinsights_sitenote_category":0,"footnotes":""},"class_list":["post-5412","page","type-page","status-publish","hentry"],"yoast_head":"<!-- This site is optimized with the Yoast SEO plugin v24.4 - https:\/\/yoast.com\/wordpress\/plugins\/seo\/ -->\n<title>Paldiski \u00dchisg\u00fcmnaasium (Estonia) - O\u00dc Adelante Koolitus<\/title>\n<meta name=\"robots\" content=\"index, follow, max-snippet:-1, max-image-preview:large, max-video-preview:-1\" \/>\n<link rel=\"canonical\" href=\"https:\/\/www.adelante.ee\/en\/erasmus\/project-partners\/paldiski-uhisgumnaasium-estonia\/\" \/>\n<meta property=\"og:locale\" content=\"en_US\" \/>\n<meta property=\"og:type\" content=\"article\" \/>\n<meta property=\"og:title\" content=\"Paldiski \u00dchisg\u00fcmnaasium (Estonia) - O\u00dc Adelante Koolitus\" \/>\n<meta property=\"og:description\" content=\"Paldiski \u00dchisg\u00fcmnaasium (Estonia) Paldiski \u00dchisg\u00fcmnaasium is a municipal school in L\u00e4\u00e4ne-Harju region, Estonia. The school islocated in Paldiski, which was a closed military town in the Soviet Union inhabited mainly bySoviet soldiers and their family members who mainly spoke Russian. Paldiski \u00dchisg\u00fcmnaasiumoffers both compulsory basic education from grades 1-9 and general secondary education fromgrades 10-12. [&hellip;]\" \/>\n<meta property=\"og:url\" content=\"https:\/\/www.adelante.ee\/en\/erasmus\/project-partners\/paldiski-uhisgumnaasium-estonia\/\" \/>\n<meta property=\"og:site_name\" content=\"O\u00dc Adelante Koolitus\" \/>\n<meta property=\"article:publisher\" content=\"https:\/\/www.facebook.com\/Adelante-Koolitus-144337468962565\/?fref=ts\" \/>\n<meta property=\"article:modified_time\" content=\"2024-07-30T07:51:42+00:00\" \/>\n<meta property=\"og:image\" content=\"https:\/\/lh7-us.googleusercontent.com\/docsz\/AD_4nXfMNzLl9YcA0tch9NazNJFxdQFvnIsJaa0Bw_MOa0DriU2ygSO0lazDivzyEkjQ-IKda4-tIaE6LtAZY4zV2qPQOABvRltawUSoWxosAWEj7pn8WZaPcT6PaV00gPuyBzcHmJknW3X9BjqKRIJ03vlJhIxwg5dRxcf24ovhsuK0nowysj_9zb0?key=TRbeF_zCzXCPd5waUv3wLg\" \/>\n<meta name=\"twitter:card\" content=\"summary_large_image\" \/>\n<meta name=\"twitter:label1\" content=\"Est. reading time\" \/>\n\t<meta name=\"twitter:data1\" content=\"2 minutes\" \/>\n<script type=\"application\/ld+json\" class=\"yoast-schema-graph\">{\"@context\":\"https:\/\/schema.org\",\"@graph\":[{\"@type\":\"WebPage\",\"@id\":\"https:\/\/www.adelante.ee\/en\/erasmus\/project-partners\/paldiski-uhisgumnaasium-estonia\/\",\"url\":\"https:\/\/www.adelante.ee\/en\/erasmus\/project-partners\/paldiski-uhisgumnaasium-estonia\/\",\"name\":\"Paldiski \u00dchisg\u00fcmnaasium (Estonia) - O\u00dc Adelante Koolitus\",\"isPartOf\":{\"@id\":\"https:\/\/www.adelante.ee\/#website\"},\"primaryImageOfPage\":{\"@id\":\"https:\/\/www.adelante.ee\/en\/erasmus\/project-partners\/paldiski-uhisgumnaasium-estonia\/#primaryimage\"},\"image\":{\"@id\":\"https:\/\/www.adelante.ee\/en\/erasmus\/project-partners\/paldiski-uhisgumnaasium-estonia\/#primaryimage\"},\"thumbnailUrl\":\"https:\/\/lh7-us.googleusercontent.com\/docsz\/AD_4nXfMNzLl9YcA0tch9NazNJFxdQFvnIsJaa0Bw_MOa0DriU2ygSO0lazDivzyEkjQ-IKda4-tIaE6LtAZY4zV2qPQOABvRltawUSoWxosAWEj7pn8WZaPcT6PaV00gPuyBzcHmJknW3X9BjqKRIJ03vlJhIxwg5dRxcf24ovhsuK0nowysj_9zb0?key=TRbeF_zCzXCPd5waUv3wLg\",\"datePublished\":\"2024-07-30T07:38:29+00:00\",\"dateModified\":\"2024-07-30T07:51:42+00:00\",\"breadcrumb\":{\"@id\":\"https:\/\/www.adelante.ee\/en\/erasmus\/project-partners\/paldiski-uhisgumnaasium-estonia\/#breadcrumb\"},\"inLanguage\":\"en-US\",\"potentialAction\":[{\"@type\":\"ReadAction\",\"target\":[\"https:\/\/www.adelante.ee\/en\/erasmus\/project-partners\/paldiski-uhisgumnaasium-estonia\/\"]}]},{\"@type\":\"ImageObject\",\"inLanguage\":\"en-US\",\"@id\":\"https:\/\/www.adelante.ee\/en\/erasmus\/project-partners\/paldiski-uhisgumnaasium-estonia\/#primaryimage\",\"url\":\"https:\/\/lh7-us.googleusercontent.com\/docsz\/AD_4nXfMNzLl9YcA0tch9NazNJFxdQFvnIsJaa0Bw_MOa0DriU2ygSO0lazDivzyEkjQ-IKda4-tIaE6LtAZY4zV2qPQOABvRltawUSoWxosAWEj7pn8WZaPcT6PaV00gPuyBzcHmJknW3X9BjqKRIJ03vlJhIxwg5dRxcf24ovhsuK0nowysj_9zb0?key=TRbeF_zCzXCPd5waUv3wLg\",\"contentUrl\":\"https:\/\/lh7-us.googleusercontent.com\/docsz\/AD_4nXfMNzLl9YcA0tch9NazNJFxdQFvnIsJaa0Bw_MOa0DriU2ygSO0lazDivzyEkjQ-IKda4-tIaE6LtAZY4zV2qPQOABvRltawUSoWxosAWEj7pn8WZaPcT6PaV00gPuyBzcHmJknW3X9BjqKRIJ03vlJhIxwg5dRxcf24ovhsuK0nowysj_9zb0?key=TRbeF_zCzXCPd5waUv3wLg\"},{\"@type\":\"BreadcrumbList\",\"@id\":\"https:\/\/www.adelante.ee\/en\/erasmus\/project-partners\/paldiski-uhisgumnaasium-estonia\/#breadcrumb\",\"itemListElement\":[{\"@type\":\"ListItem\",\"position\":1,\"name\":\"Home\",\"item\":\"https:\/\/www.adelante.ee\/en\/\"},{\"@type\":\"ListItem\",\"position\":2,\"name\":\"Erasmus+\",\"item\":\"https:\/\/www.adelante.ee\/en\/erasmus\/\"},{\"@type\":\"ListItem\",\"position\":3,\"name\":\"Project partners\",\"item\":\"https:\/\/www.adelante.ee\/en\/erasmus\/project-partners\/\"},{\"@type\":\"ListItem\",\"position\":4,\"name\":\"Paldiski \u00dchisg\u00fcmnaasium (Estonia)\"}]},{\"@type\":\"WebSite\",\"@id\":\"https:\/\/www.adelante.ee\/#website\",\"url\":\"https:\/\/www.adelante.ee\/\",\"name\":\"O\u00dc Adelante Koolitus\",\"description\":\"Adelante koolitus\",\"publisher\":{\"@id\":\"https:\/\/www.adelante.ee\/#organization\"},\"potentialAction\":[{\"@type\":\"SearchAction\",\"target\":{\"@type\":\"EntryPoint\",\"urlTemplate\":\"https:\/\/www.adelante.ee\/?s={search_term_string}\"},\"query-input\":{\"@type\":\"PropertyValueSpecification\",\"valueRequired\":true,\"valueName\":\"search_term_string\"}}],\"inLanguage\":\"en-US\"},{\"@type\":\"Organization\",\"@id\":\"https:\/\/www.adelante.ee\/#organization\",\"name\":\"O\u00dc Adelante Koolitus\",\"url\":\"https:\/\/www.adelante.ee\/\",\"logo\":{\"@type\":\"ImageObject\",\"inLanguage\":\"en-US\",\"@id\":\"https:\/\/www.adelante.ee\/#\/schema\/logo\/image\/\",\"url\":\"https:\/\/www.adelante.ee\/wp-content\/uploads\/2016\/03\/logo.png\",\"contentUrl\":\"https:\/\/www.adelante.ee\/wp-content\/uploads\/2016\/03\/logo.png\",\"width\":286,\"height\":70,\"caption\":\"O\u00dc Adelante Koolitus\"},\"image\":{\"@id\":\"https:\/\/www.adelante.ee\/#\/schema\/logo\/image\/\"},\"sameAs\":[\"https:\/\/www.facebook.com\/Adelante-Koolitus-144337468962565\/?fref=ts\"]}]}<\/script>\n<!-- \/ Yoast SEO plugin. -->","yoast_head_json":{"title":"Paldiski \u00dchisg\u00fcmnaasium (Estonia) - O\u00dc Adelante Koolitus","robots":{"index":"index","follow":"follow","max-snippet":"max-snippet:-1","max-image-preview":"max-image-preview:large","max-video-preview":"max-video-preview:-1"},"canonical":"https:\/\/www.adelante.ee\/en\/erasmus\/project-partners\/paldiski-uhisgumnaasium-estonia\/","og_locale":"en_US","og_type":"article","og_title":"Paldiski \u00dchisg\u00fcmnaasium (Estonia) - O\u00dc Adelante Koolitus","og_description":"Paldiski \u00dchisg\u00fcmnaasium (Estonia) Paldiski \u00dchisg\u00fcmnaasium is a municipal school in L\u00e4\u00e4ne-Harju region, Estonia. The school islocated in Paldiski, which was a closed military town in the Soviet Union inhabited mainly bySoviet soldiers and their family members who mainly spoke Russian. Paldiski \u00dchisg\u00fcmnaasiumoffers both compulsory basic education from grades 1-9 and general secondary education fromgrades 10-12. [&hellip;]","og_url":"https:\/\/www.adelante.ee\/en\/erasmus\/project-partners\/paldiski-uhisgumnaasium-estonia\/","og_site_name":"O\u00dc Adelante Koolitus","article_publisher":"https:\/\/www.facebook.com\/Adelante-Koolitus-144337468962565\/?fref=ts","article_modified_time":"2024-07-30T07:51:42+00:00","og_image":[{"url":"https:\/\/lh7-us.googleusercontent.com\/docsz\/AD_4nXfMNzLl9YcA0tch9NazNJFxdQFvnIsJaa0Bw_MOa0DriU2ygSO0lazDivzyEkjQ-IKda4-tIaE6LtAZY4zV2qPQOABvRltawUSoWxosAWEj7pn8WZaPcT6PaV00gPuyBzcHmJknW3X9BjqKRIJ03vlJhIxwg5dRxcf24ovhsuK0nowysj_9zb0?key=TRbeF_zCzXCPd5waUv3wLg","type":"","width":"","height":""}],"twitter_card":"summary_large_image","twitter_misc":{"Est. reading time":"2 minutes"},"schema":{"@context":"https:\/\/schema.org","@graph":[{"@type":"WebPage","@id":"https:\/\/www.adelante.ee\/en\/erasmus\/project-partners\/paldiski-uhisgumnaasium-estonia\/","url":"https:\/\/www.adelante.ee\/en\/erasmus\/project-partners\/paldiski-uhisgumnaasium-estonia\/","name":"Paldiski \u00dchisg\u00fcmnaasium (Estonia) - O\u00dc Adelante Koolitus","isPartOf":{"@id":"https:\/\/www.adelante.ee\/#website"},"primaryImageOfPage":{"@id":"https:\/\/www.adelante.ee\/en\/erasmus\/project-partners\/paldiski-uhisgumnaasium-estonia\/#primaryimage"},"image":{"@id":"https:\/\/www.adelante.ee\/en\/erasmus\/project-partners\/paldiski-uhisgumnaasium-estonia\/#primaryimage"},"thumbnailUrl":"https:\/\/lh7-us.googleusercontent.com\/docsz\/AD_4nXfMNzLl9YcA0tch9NazNJFxdQFvnIsJaa0Bw_MOa0DriU2ygSO0lazDivzyEkjQ-IKda4-tIaE6LtAZY4zV2qPQOABvRltawUSoWxosAWEj7pn8WZaPcT6PaV00gPuyBzcHmJknW3X9BjqKRIJ03vlJhIxwg5dRxcf24ovhsuK0nowysj_9zb0?key=TRbeF_zCzXCPd5waUv3wLg","datePublished":"2024-07-30T07:38:29+00:00","dateModified":"2024-07-30T07:51:42+00:00","breadcrumb":{"@id":"https:\/\/www.adelante.ee\/en\/erasmus\/project-partners\/paldiski-uhisgumnaasium-estonia\/#breadcrumb"},"inLanguage":"en-US","potentialAction":[{"@type":"ReadAction","target":["https:\/\/www.adelante.ee\/en\/erasmus\/project-partners\/paldiski-uhisgumnaasium-estonia\/"]}]},{"@type":"ImageObject","inLanguage":"en-US","@id":"https:\/\/www.adelante.ee\/en\/erasmus\/project-partners\/paldiski-uhisgumnaasium-estonia\/#primaryimage","url":"https:\/\/lh7-us.googleusercontent.com\/docsz\/AD_4nXfMNzLl9YcA0tch9NazNJFxdQFvnIsJaa0Bw_MOa0DriU2ygSO0lazDivzyEkjQ-IKda4-tIaE6LtAZY4zV2qPQOABvRltawUSoWxosAWEj7pn8WZaPcT6PaV00gPuyBzcHmJknW3X9BjqKRIJ03vlJhIxwg5dRxcf24ovhsuK0nowysj_9zb0?key=TRbeF_zCzXCPd5waUv3wLg","contentUrl":"https:\/\/lh7-us.googleusercontent.com\/docsz\/AD_4nXfMNzLl9YcA0tch9NazNJFxdQFvnIsJaa0Bw_MOa0DriU2ygSO0lazDivzyEkjQ-IKda4-tIaE6LtAZY4zV2qPQOABvRltawUSoWxosAWEj7pn8WZaPcT6PaV00gPuyBzcHmJknW3X9BjqKRIJ03vlJhIxwg5dRxcf24ovhsuK0nowysj_9zb0?key=TRbeF_zCzXCPd5waUv3wLg"},{"@type":"BreadcrumbList","@id":"https:\/\/www.adelante.ee\/en\/erasmus\/project-partners\/paldiski-uhisgumnaasium-estonia\/#breadcrumb","itemListElement":[{"@type":"ListItem","position":1,"name":"Home","item":"https:\/\/www.adelante.ee\/en\/"},{"@type":"ListItem","position":2,"name":"Erasmus+","item":"https:\/\/www.adelante.ee\/en\/erasmus\/"},{"@type":"ListItem","position":3,"name":"Project partners","item":"https:\/\/www.adelante.ee\/en\/erasmus\/project-partners\/"},{"@type":"ListItem","position":4,"name":"Paldiski \u00dchisg\u00fcmnaasium (Estonia)"}]},{"@type":"WebSite","@id":"https:\/\/www.adelante.ee\/#website","url":"https:\/\/www.adelante.ee\/","name":"O\u00dc Adelante Koolitus","description":"Adelante koolitus","publisher":{"@id":"https:\/\/www.adelante.ee\/#organization"},"potentialAction":[{"@type":"SearchAction","target":{"@type":"EntryPoint","urlTemplate":"https:\/\/www.adelante.ee\/?s={search_term_string}"},"query-input":{"@type":"PropertyValueSpecification","valueRequired":true,"valueName":"search_term_string"}}],"inLanguage":"en-US"},{"@type":"Organization","@id":"https:\/\/www.adelante.ee\/#organization","name":"O\u00dc Adelante Koolitus","url":"https:\/\/www.adelante.ee\/","logo":{"@type":"ImageObject","inLanguage":"en-US","@id":"https:\/\/www.adelante.ee\/#\/schema\/logo\/image\/","url":"https:\/\/www.adelante.ee\/wp-content\/uploads\/2016\/03\/logo.png","contentUrl":"https:\/\/www.adelante.ee\/wp-content\/uploads\/2016\/03\/logo.png","width":286,"height":70,"caption":"O\u00dc Adelante Koolitus"},"image":{"@id":"https:\/\/www.adelante.ee\/#\/schema\/logo\/image\/"},"sameAs":["https:\/\/www.facebook.com\/Adelante-Koolitus-144337468962565\/?fref=ts"]}]}},"_links":{"self":[{"href":"https:\/\/www.adelante.ee\/en\/wp-json\/wp\/v2\/pages\/5412","targetHints":{"allow":["GET"]}}],"collection":[{"href":"https:\/\/www.adelante.ee\/en\/wp-json\/wp\/v2\/pages"}],"about":[{"href":"https:\/\/www.adelante.ee\/en\/wp-json\/wp\/v2\/types\/page"}],"author":[{"embeddable":true,"href":"https:\/\/www.adelante.ee\/en\/wp-json\/wp\/v2\/users\/4"}],"replies":[{"embeddable":true,"href":"https:\/\/www.adelante.ee\/en\/wp-json\/wp\/v2\/comments?post=5412"}],"version-history":[{"count":1,"href":"https:\/\/www.adelante.ee\/en\/wp-json\/wp\/v2\/pages\/5412\/revisions"}],"predecessor-version":[{"id":5413,"href":"https:\/\/www.adelante.ee\/en\/wp-json\/wp\/v2\/pages\/5412\/revisions\/5413"}],"up":[{"embeddable":true,"href":"https:\/\/www.adelante.ee\/en\/wp-json\/wp\/v2\/pages\/5326"}],"wp:attachment":[{"href":"https:\/\/www.adelante.ee\/en\/wp-json\/wp\/v2\/media?parent=5412"}],"curies":[{"name":"wp","href":"https:\/\/api.w.org\/{rel}","templated":true}]}}